{"id":8827,"date":"2022-03-01T17:58:11","date_gmt":"2022-03-01T14:58:11","guid":{"rendered":"https:\/\/lukrt.ro\/?post_type=product&#038;p=8827"},"modified":"2022-11-22T17:08:34","modified_gmt":"2022-11-22T14:08:34","slug":"cloudy-boy-hoodie","status":"publish","type":"product","link":"https:\/\/lukrt.ro\/en\/product\/cloudy-boy-hoodie\/","title":{"rendered":"Cloudy Boy Hoodie"},"content":{"rendered":"<p>Hoodie cu glug\u0103 imprimat cu grafic\u0103 original\u0103 Lukrt.<\/p>\n<p>Printul de \u00eenalt\u0103 calitate este realizat prin noua tehnologie DTF Professional, fiind rezistent la sp\u0103l\u0103ri multiple.<\/p>\n<p>Culoare: Negru<\/p>\n<p>Zon\u0103 imprimare: Fa\u021b\u0103 \/ Spate<\/p>\n<p>Gramaj: 305 gr<\/p>\n<p>Sex: \u00cembr\u0103c\u0103minte Unisex<\/p>\n<p>Material: 50% Bumbac Ringspun \/ 50% Poliester<\/p>\n<p>Croi: M\u00e2neca lung\u0103, tubular, buzunar tip cangur<\/p>\n<p>BONUS: SET STICKERE LUKRT<\/p>\n<p>&nbsp;<\/p>\n<blockquote><p>This OC is just chilling out on his little cloud doing some magic tricks and looking cool. His outfit is completely designed by me. My favorite part of his fit is his shoes for sure.<\/p><\/blockquote>","protected":false},"excerpt":{"rendered":"<p>Hoodie cu glug\u0103 imprimat cu grafic\u0103 original\u0103 Lukrt. Printul de \u00eenalt\u0103 calitate este realizat prin noua tehnologie DTF Professional, fiind rezistent la sp\u0103l\u0103ri multiple. Culoare: Negru Zon\u0103 imprimare: Fa\u021b\u0103 \/ Spate Gramaj: 305 gr Sex: \u00cembr\u0103c\u0103minte Unisex Material: 50% Bumbac Ringspun \/ 50% Poliester Croi: M\u00e2neca lung\u0103, tubular, buzunar tip cangur BONUS: SET STICKERE LUKRT [&hellip;]<\/p>\n","protected":false},"featured_media":8836,"template":"","meta":[],"product_brand":[],"product_cat":[70],"product_tag":[],"class_list":{"0":"post-8827","1":"product","2":"type-product","3":"status-publish","4":"has-post-thumbnail","6":"product_cat-hoodie","8":"first","9":"instock","10":"sale","11":"shipping-taxable","12":"purchasable","13":"product-type-variable"},"yoast_head":"<!-- This site is optimized with the Yoast SEO plugin v27.1.1 - https:\/\/yoast.com\/product\/yoast-seo-wordpress\/ -->\n<title>Cloudy Boy Hoodie - Lukrt Official - Hoodie original<\/title>\n<meta name=\"description\" content=\"Hanorac original Lukrt. Cadou adolescenti. Hanorace tineri adolescenti copii. Bluzon rezistent bumbac. Imbracaminte personalizata.\" \/>\n<meta name=\"robots\" content=\"index, follow, max-snippet:-1, max-image-preview:large, max-video-preview:-1\" \/>\n<link rel=\"canonical\" href=\"https:\/\/lukrt.ro\/en\/product\/cloudy-boy-hoodie\/\" \/>\n<meta property=\"og:locale\" content=\"en_US\" \/>\n<meta property=\"og:type\" content=\"article\" \/>\n<meta property=\"og:title\" content=\"Cloudy Boy Hoodie - Lukrt Official - Hoodie original\" \/>\n<meta property=\"og:description\" content=\"Hanorac original Lukrt. Cadou adolescenti. Hanorace tineri adolescenti copii. Bluzon rezistent bumbac. Imbracaminte personalizata.\" \/>\n<meta property=\"og:url\" content=\"https:\/\/lukrt.ro\/en\/product\/cloudy-boy-hoodie\/\" \/>\n<meta property=\"og:site_name\" content=\"Lukrt Official\" \/>\n<meta property=\"article:modified_time\" content=\"2022-11-22T14:08:34+00:00\" \/>\n<meta property=\"og:image\" content=\"https:\/\/lukrt.ro\/wp-content\/uploads\/2022\/03\/0101HBB.jpg\" \/>\n\t<meta property=\"og:image:width\" content=\"1000\" \/>\n\t<meta property=\"og:image:height\" content=\"1000\" \/>\n\t<meta property=\"og:image:type\" content=\"image\/jpeg\" \/>\n<meta name=\"twitter:card\" content=\"summary_large_image\" \/>\n<meta name=\"twitter:label1\" content=\"Est. reading time\" \/>\n\t<meta name=\"twitter:data1\" content=\"1 minute\" \/>\n<script type=\"application\/ld+json\" class=\"yoast-schema-graph\">{\"@context\":\"https:\/\/schema.org\",\"@graph\":[{\"@type\":\"WebPage\",\"@id\":\"https:\/\/lukrt.ro\/product\/cloudy-boy-hoodie\/\",\"url\":\"https:\/\/lukrt.ro\/product\/cloudy-boy-hoodie\/\",\"name\":\"Cloudy Boy Hoodie - Lukrt Official - Hoodie original\",\"isPartOf\":{\"@id\":\"https:\/\/lukrt.ro\/#website\"},\"primaryImageOfPage\":{\"@id\":\"https:\/\/lukrt.ro\/product\/cloudy-boy-hoodie\/#primaryimage\"},\"image\":{\"@id\":\"https:\/\/lukrt.ro\/product\/cloudy-boy-hoodie\/#primaryimage\"},\"thumbnailUrl\":\"https:\/\/lukrt.ro\/wp-content\/uploads\/2022\/03\/0101HBB.jpg\",\"datePublished\":\"2022-03-01T14:58:11+00:00\",\"dateModified\":\"2022-11-22T14:08:34+00:00\",\"description\":\"Hanorac original Lukrt. Cadou adolescenti. Hanorace tineri adolescenti copii. Bluzon rezistent bumbac. Imbracaminte personalizata.\",\"breadcrumb\":{\"@id\":\"https:\/\/lukrt.ro\/product\/cloudy-boy-hoodie\/#breadcrumb\"},\"inLanguage\":\"en-US\",\"potentialAction\":[{\"@type\":\"ReadAction\",\"target\":[\"https:\/\/lukrt.ro\/product\/cloudy-boy-hoodie\/\"]}]},{\"@type\":\"ImageObject\",\"inLanguage\":\"en-US\",\"@id\":\"https:\/\/lukrt.ro\/product\/cloudy-boy-hoodie\/#primaryimage\",\"url\":\"https:\/\/lukrt.ro\/wp-content\/uploads\/2022\/03\/0101HBB.jpg\",\"contentUrl\":\"https:\/\/lukrt.ro\/wp-content\/uploads\/2022\/03\/0101HBB.jpg\",\"width\":1000,\"height\":1000,\"caption\":\"hanorac original Made in Romania\"},{\"@type\":\"BreadcrumbList\",\"@id\":\"https:\/\/lukrt.ro\/product\/cloudy-boy-hoodie\/#breadcrumb\",\"itemListElement\":[{\"@type\":\"ListItem\",\"position\":1,\"name\":\"Prima pagin\u0103\",\"item\":\"https:\/\/lukrt.ro\/\"},{\"@type\":\"ListItem\",\"position\":2,\"name\":\"Produse\",\"item\":\"https:\/\/lukrt.ro\/shop\/\"},{\"@type\":\"ListItem\",\"position\":3,\"name\":\"Cloudy Boy Hoodie\"}]},{\"@type\":\"WebSite\",\"@id\":\"https:\/\/lukrt.ro\/#website\",\"url\":\"https:\/\/lukrt.ro\/\",\"name\":\"Lukrt Official\",\"description\":\"Creativity, Imagination &amp; Colors\",\"publisher\":{\"@id\":\"https:\/\/lukrt.ro\/#organization\"},\"potentialAction\":[{\"@type\":\"SearchAction\",\"target\":{\"@type\":\"EntryPoint\",\"urlTemplate\":\"https:\/\/lukrt.ro\/?s={search_term_string}\"},\"query-input\":{\"@type\":\"PropertyValueSpecification\",\"valueRequired\":true,\"valueName\":\"search_term_string\"}}],\"inLanguage\":\"en-US\"},{\"@type\":\"Organization\",\"@id\":\"https:\/\/lukrt.ro\/#organization\",\"name\":\"Lukrt Official\",\"url\":\"https:\/\/lukrt.ro\/\",\"logo\":{\"@type\":\"ImageObject\",\"inLanguage\":\"en-US\",\"@id\":\"https:\/\/lukrt.ro\/#\/schema\/logo\/image\/\",\"url\":\"https:\/\/lukrt.ro\/wp-content\/uploads\/2022\/02\/cropped-cropped-BT-Logo-Lukrt-1.png\",\"contentUrl\":\"https:\/\/lukrt.ro\/wp-content\/uploads\/2022\/02\/cropped-cropped-BT-Logo-Lukrt-1.png\",\"width\":512,\"height\":512,\"caption\":\"Lukrt Official\"},\"image\":{\"@id\":\"https:\/\/lukrt.ro\/#\/schema\/logo\/image\/\"}}]}<\/script>\n<!-- \/ Yoast SEO plugin. -->","yoast_head_json":{"title":"Cloudy Boy Hoodie - Lukrt Official - Hoodie original","description":"Hanorac original Lukrt. Cadou adolescenti. Hanorace tineri adolescenti copii. Bluzon rezistent bumbac. Imbracaminte personalizata.","robots":{"index":"index","follow":"follow","max-snippet":"max-snippet:-1","max-image-preview":"max-image-preview:large","max-video-preview":"max-video-preview:-1"},"canonical":"https:\/\/lukrt.ro\/en\/product\/cloudy-boy-hoodie\/","og_locale":"en_US","og_type":"article","og_title":"Cloudy Boy Hoodie - Lukrt Official - Hoodie original","og_description":"Hanorac original Lukrt. Cadou adolescenti. Hanorace tineri adolescenti copii. Bluzon rezistent bumbac. Imbracaminte personalizata.","og_url":"https:\/\/lukrt.ro\/en\/product\/cloudy-boy-hoodie\/","og_site_name":"Lukrt Official","article_modified_time":"2022-11-22T14:08:34+00:00","og_image":[{"width":1000,"height":1000,"url":"https:\/\/lukrt.ro\/wp-content\/uploads\/2022\/03\/0101HBB.jpg","type":"image\/jpeg"}],"twitter_card":"summary_large_image","twitter_misc":{"Est. reading time":"1 minute"},"schema":{"@context":"https:\/\/schema.org","@graph":[{"@type":"WebPage","@id":"https:\/\/lukrt.ro\/product\/cloudy-boy-hoodie\/","url":"https:\/\/lukrt.ro\/product\/cloudy-boy-hoodie\/","name":"Cloudy Boy Hoodie - Lukrt Official - Hoodie original","isPartOf":{"@id":"https:\/\/lukrt.ro\/#website"},"primaryImageOfPage":{"@id":"https:\/\/lukrt.ro\/product\/cloudy-boy-hoodie\/#primaryimage"},"image":{"@id":"https:\/\/lukrt.ro\/product\/cloudy-boy-hoodie\/#primaryimage"},"thumbnailUrl":"https:\/\/lukrt.ro\/wp-content\/uploads\/2022\/03\/0101HBB.jpg","datePublished":"2022-03-01T14:58:11+00:00","dateModified":"2022-11-22T14:08:34+00:00","description":"Hanorac original Lukrt. Cadou adolescenti. Hanorace tineri adolescenti copii. Bluzon rezistent bumbac. Imbracaminte personalizata.","breadcrumb":{"@id":"https:\/\/lukrt.ro\/product\/cloudy-boy-hoodie\/#breadcrumb"},"inLanguage":"en-US","potentialAction":[{"@type":"ReadAction","target":["https:\/\/lukrt.ro\/product\/cloudy-boy-hoodie\/"]}]},{"@type":"ImageObject","inLanguage":"en-US","@id":"https:\/\/lukrt.ro\/product\/cloudy-boy-hoodie\/#primaryimage","url":"https:\/\/lukrt.ro\/wp-content\/uploads\/2022\/03\/0101HBB.jpg","contentUrl":"https:\/\/lukrt.ro\/wp-content\/uploads\/2022\/03\/0101HBB.jpg","width":1000,"height":1000,"caption":"hanorac original Made in Romania"},{"@type":"BreadcrumbList","@id":"https:\/\/lukrt.ro\/product\/cloudy-boy-hoodie\/#breadcrumb","itemListElement":[{"@type":"ListItem","position":1,"name":"Prima pagin\u0103","item":"https:\/\/lukrt.ro\/"},{"@type":"ListItem","position":2,"name":"Produse","item":"https:\/\/lukrt.ro\/shop\/"},{"@type":"ListItem","position":3,"name":"Cloudy Boy Hoodie"}]},{"@type":"WebSite","@id":"https:\/\/lukrt.ro\/#website","url":"https:\/\/lukrt.ro\/","name":"Lukrt Official","description":"Creativity, Imagination &amp; Colors","publisher":{"@id":"https:\/\/lukrt.ro\/#organization"},"potentialAction":[{"@type":"SearchAction","target":{"@type":"EntryPoint","urlTemplate":"https:\/\/lukrt.ro\/?s={search_term_string}"},"query-input":{"@type":"PropertyValueSpecification","valueRequired":true,"valueName":"search_term_string"}}],"inLanguage":"en-US"},{"@type":"Organization","@id":"https:\/\/lukrt.ro\/#organization","name":"Lukrt Official","url":"https:\/\/lukrt.ro\/","logo":{"@type":"ImageObject","inLanguage":"en-US","@id":"https:\/\/lukrt.ro\/#\/schema\/logo\/image\/","url":"https:\/\/lukrt.ro\/wp-content\/uploads\/2022\/02\/cropped-cropped-BT-Logo-Lukrt-1.png","contentUrl":"https:\/\/lukrt.ro\/wp-content\/uploads\/2022\/02\/cropped-cropped-BT-Logo-Lukrt-1.png","width":512,"height":512,"caption":"Lukrt Official"},"image":{"@id":"https:\/\/lukrt.ro\/#\/schema\/logo\/image\/"}}]}},"_links":{"self":[{"href":"https:\/\/lukrt.ro\/en\/wp-json\/wp\/v2\/product\/8827","targetHints":{"allow":["GET"]}}],"collection":[{"href":"https:\/\/lukrt.ro\/en\/wp-json\/wp\/v2\/product"}],"about":[{"href":"https:\/\/lukrt.ro\/en\/wp-json\/wp\/v2\/types\/product"}],"wp:featuredmedia":[{"embeddable":true,"href":"https:\/\/lukrt.ro\/en\/wp-json\/wp\/v2\/media\/8836"}],"wp:attachment":[{"href":"https:\/\/lukrt.ro\/en\/wp-json\/wp\/v2\/media?parent=8827"}],"wp:term":[{"taxonomy":"product_brand","embeddable":true,"href":"https:\/\/lukrt.ro\/en\/wp-json\/wp\/v2\/product_brand?post=8827"},{"taxonomy":"product_cat","embeddable":true,"href":"https:\/\/lukrt.ro\/en\/wp-json\/wp\/v2\/product_cat?post=8827"},{"taxonomy":"product_tag","embeddable":true,"href":"https:\/\/lukrt.ro\/en\/wp-json\/wp\/v2\/product_tag?post=8827"}],"curies":[{"name":"wp","href":"https:\/\/api.w.org\/{rel}","templated":true}]}}