{"id":8514,"date":"2022-03-01T01:16:01","date_gmt":"2022-02-28T22:16:01","guid":{"rendered":"https:\/\/lukrt.ro\/?post_type=product&#038;p=8514"},"modified":"2023-06-28T14:04:58","modified_gmt":"2023-06-28T11:04:58","slug":"milan-boy-t-shirt","status":"publish","type":"product","link":"https:\/\/lukrt.ro\/en\/product\/milan-boy-t-shirt\/","title":{"rendered":"Milan boy T-shirt"},"content":{"rendered":"<p>T shirt imprimat cu grafic\u0103 original\u0103 Lukrt.<\/p>\n<p>Printul de \u00eenalt\u0103 calitate este realizat prin noua tehnologie DTF Professional, fiind rezistent la sp\u0103l\u0103ri multiple.<\/p>\n<p>Culoare: Alb \/ Negru<\/p>\n<p>Zon\u0103 imprimare: Fa\u021b\u0103 \/ Spate<\/p>\n<p>Gramaj: 190 gr<\/p>\n<p>Sex: \u00cembr\u0103c\u0103minte Unisex<\/p>\n<p>Material: Bumbac 100%<\/p>\n<p>Croi: cu banda de intarire la gat si fara cusaturi laterale<\/p>\n<p>BONUS: SET STICKERE LUKRT<\/p>","protected":false},"excerpt":{"rendered":"<p>T shirt imprimat cu grafic\u0103 original\u0103 Lukrt. Printul de \u00eenalt\u0103 calitate este realizat prin noua tehnologie DTF Professional, fiind rezistent la sp\u0103l\u0103ri multiple. Culoare: Alb \/ Negru Zon\u0103 imprimare: Fa\u021b\u0103 \/ Spate Gramaj: 190 gr Sex: \u00cembr\u0103c\u0103minte Unisex Material: Bumbac 100% Croi: cu banda de intarire la gat si fara cusaturi laterale BONUS: SET STICKERE [&hellip;]<\/p>\n","protected":false},"featured_media":8532,"template":"","meta":[],"product_brand":[],"product_cat":[67],"product_tag":[],"class_list":{"0":"post-8514","1":"product","2":"type-product","3":"status-publish","4":"has-post-thumbnail","6":"product_cat-tshirt","8":"first","9":"instock","10":"sale","11":"shipping-taxable","12":"purchasable","13":"product-type-variable"},"yoast_head":"<!-- This site is optimized with the Yoast SEO plugin v27.1.1 - https:\/\/yoast.com\/product\/yoast-seo-wordpress\/ -->\n<title>Milan boy T-shirt - Lukrt Official - Tricou original Lukrt<\/title>\n<meta name=\"description\" content=\"Milano Tshirt. Cadou adolescenti. Tricou adolescenti copii. Tricou rezistent bumbac. Imbracaminte personalizata. Material de calitate.\" \/>\n<meta name=\"robots\" content=\"index, follow, max-snippet:-1, max-image-preview:large, max-video-preview:-1\" \/>\n<link rel=\"canonical\" href=\"https:\/\/lukrt.ro\/en\/product\/milan-boy-t-shirt\/\" \/>\n<meta property=\"og:locale\" content=\"en_US\" \/>\n<meta property=\"og:type\" content=\"article\" \/>\n<meta property=\"og:title\" content=\"Milan boy T-shirt - Lukrt Official - Tricou original Lukrt\" \/>\n<meta property=\"og:description\" content=\"Milano Tshirt. Cadou adolescenti. Tricou adolescenti copii. Tricou rezistent bumbac. Imbracaminte personalizata. Material de calitate.\" \/>\n<meta property=\"og:url\" content=\"https:\/\/lukrt.ro\/en\/product\/milan-boy-t-shirt\/\" \/>\n<meta property=\"og:site_name\" content=\"Lukrt Official\" \/>\n<meta property=\"article:modified_time\" content=\"2023-06-28T11:04:58+00:00\" \/>\n<meta property=\"og:image\" content=\"https:\/\/lukrt.ro\/wp-content\/uploads\/2022\/03\/0009BF.jpg\" \/>\n\t<meta property=\"og:image:width\" content=\"1000\" \/>\n\t<meta property=\"og:image:height\" content=\"1000\" \/>\n\t<meta property=\"og:image:type\" content=\"image\/jpeg\" \/>\n<meta name=\"twitter:card\" content=\"summary_large_image\" \/>\n<meta name=\"twitter:label1\" content=\"Est. reading time\" \/>\n\t<meta name=\"twitter:data1\" content=\"1 minute\" \/>\n<script type=\"application\/ld+json\" class=\"yoast-schema-graph\">{\"@context\":\"https:\/\/schema.org\",\"@graph\":[{\"@type\":\"WebPage\",\"@id\":\"https:\/\/lukrt.ro\/product\/milan-boy-t-shirt\/\",\"url\":\"https:\/\/lukrt.ro\/product\/milan-boy-t-shirt\/\",\"name\":\"Milan boy T-shirt - Lukrt Official - Tricou original Lukrt\",\"isPartOf\":{\"@id\":\"https:\/\/lukrt.ro\/#website\"},\"primaryImageOfPage\":{\"@id\":\"https:\/\/lukrt.ro\/product\/milan-boy-t-shirt\/#primaryimage\"},\"image\":{\"@id\":\"https:\/\/lukrt.ro\/product\/milan-boy-t-shirt\/#primaryimage\"},\"thumbnailUrl\":\"https:\/\/lukrt.ro\/wp-content\/uploads\/2022\/03\/0009BF.jpg\",\"datePublished\":\"2022-02-28T22:16:01+00:00\",\"dateModified\":\"2023-06-28T11:04:58+00:00\",\"description\":\"Milano Tshirt. Cadou adolescenti. Tricou adolescenti copii. Tricou rezistent bumbac. Imbracaminte personalizata. Material de calitate.\",\"breadcrumb\":{\"@id\":\"https:\/\/lukrt.ro\/product\/milan-boy-t-shirt\/#breadcrumb\"},\"inLanguage\":\"en-US\",\"potentialAction\":[{\"@type\":\"ReadAction\",\"target\":[\"https:\/\/lukrt.ro\/product\/milan-boy-t-shirt\/\"]}]},{\"@type\":\"ImageObject\",\"inLanguage\":\"en-US\",\"@id\":\"https:\/\/lukrt.ro\/product\/milan-boy-t-shirt\/#primaryimage\",\"url\":\"https:\/\/lukrt.ro\/wp-content\/uploads\/2022\/03\/0009BF.jpg\",\"contentUrl\":\"https:\/\/lukrt.ro\/wp-content\/uploads\/2022\/03\/0009BF.jpg\",\"width\":1000,\"height\":1000,\"caption\":\"tricou original Made in Romania\"},{\"@type\":\"BreadcrumbList\",\"@id\":\"https:\/\/lukrt.ro\/product\/milan-boy-t-shirt\/#breadcrumb\",\"itemListElement\":[{\"@type\":\"ListItem\",\"position\":1,\"name\":\"Prima pagin\u0103\",\"item\":\"https:\/\/lukrt.ro\/\"},{\"@type\":\"ListItem\",\"position\":2,\"name\":\"Shop\",\"item\":\"https:\/\/lukrt.ro\/?page_id=7966\"},{\"@type\":\"ListItem\",\"position\":3,\"name\":\"Milan boy T-shirt\"}]},{\"@type\":\"WebSite\",\"@id\":\"https:\/\/lukrt.ro\/#website\",\"url\":\"https:\/\/lukrt.ro\/\",\"name\":\"Lukrt Official\",\"description\":\"Creativity, Imagination &amp; Colors\",\"publisher\":{\"@id\":\"https:\/\/lukrt.ro\/#organization\"},\"potentialAction\":[{\"@type\":\"SearchAction\",\"target\":{\"@type\":\"EntryPoint\",\"urlTemplate\":\"https:\/\/lukrt.ro\/?s={search_term_string}\"},\"query-input\":{\"@type\":\"PropertyValueSpecification\",\"valueRequired\":true,\"valueName\":\"search_term_string\"}}],\"inLanguage\":\"en-US\"},{\"@type\":\"Organization\",\"@id\":\"https:\/\/lukrt.ro\/#organization\",\"name\":\"Lukrt Official\",\"url\":\"https:\/\/lukrt.ro\/\",\"logo\":{\"@type\":\"ImageObject\",\"inLanguage\":\"en-US\",\"@id\":\"https:\/\/lukrt.ro\/#\/schema\/logo\/image\/\",\"url\":\"https:\/\/lukrt.ro\/wp-content\/uploads\/2022\/02\/cropped-cropped-BT-Logo-Lukrt-1.png\",\"contentUrl\":\"https:\/\/lukrt.ro\/wp-content\/uploads\/2022\/02\/cropped-cropped-BT-Logo-Lukrt-1.png\",\"width\":512,\"height\":512,\"caption\":\"Lukrt Official\"},\"image\":{\"@id\":\"https:\/\/lukrt.ro\/#\/schema\/logo\/image\/\"}}]}<\/script>\n<!-- \/ Yoast SEO plugin. -->","yoast_head_json":{"title":"Milan boy T-shirt - Lukrt Official - Tricou original Lukrt","description":"Milano Tshirt. Cadou adolescenti. Tricou adolescenti copii. Tricou rezistent bumbac. Imbracaminte personalizata. Material de calitate.","robots":{"index":"index","follow":"follow","max-snippet":"max-snippet:-1","max-image-preview":"max-image-preview:large","max-video-preview":"max-video-preview:-1"},"canonical":"https:\/\/lukrt.ro\/en\/product\/milan-boy-t-shirt\/","og_locale":"en_US","og_type":"article","og_title":"Milan boy T-shirt - Lukrt Official - Tricou original Lukrt","og_description":"Milano Tshirt. Cadou adolescenti. Tricou adolescenti copii. Tricou rezistent bumbac. Imbracaminte personalizata. Material de calitate.","og_url":"https:\/\/lukrt.ro\/en\/product\/milan-boy-t-shirt\/","og_site_name":"Lukrt Official","article_modified_time":"2023-06-28T11:04:58+00:00","og_image":[{"width":1000,"height":1000,"url":"https:\/\/lukrt.ro\/wp-content\/uploads\/2022\/03\/0009BF.jpg","type":"image\/jpeg"}],"twitter_card":"summary_large_image","twitter_misc":{"Est. reading time":"1 minute"},"schema":{"@context":"https:\/\/schema.org","@graph":[{"@type":"WebPage","@id":"https:\/\/lukrt.ro\/product\/milan-boy-t-shirt\/","url":"https:\/\/lukrt.ro\/product\/milan-boy-t-shirt\/","name":"Milan boy T-shirt - Lukrt Official - Tricou original Lukrt","isPartOf":{"@id":"https:\/\/lukrt.ro\/#website"},"primaryImageOfPage":{"@id":"https:\/\/lukrt.ro\/product\/milan-boy-t-shirt\/#primaryimage"},"image":{"@id":"https:\/\/lukrt.ro\/product\/milan-boy-t-shirt\/#primaryimage"},"thumbnailUrl":"https:\/\/lukrt.ro\/wp-content\/uploads\/2022\/03\/0009BF.jpg","datePublished":"2022-02-28T22:16:01+00:00","dateModified":"2023-06-28T11:04:58+00:00","description":"Milano Tshirt. Cadou adolescenti. Tricou adolescenti copii. Tricou rezistent bumbac. Imbracaminte personalizata. Material de calitate.","breadcrumb":{"@id":"https:\/\/lukrt.ro\/product\/milan-boy-t-shirt\/#breadcrumb"},"inLanguage":"en-US","potentialAction":[{"@type":"ReadAction","target":["https:\/\/lukrt.ro\/product\/milan-boy-t-shirt\/"]}]},{"@type":"ImageObject","inLanguage":"en-US","@id":"https:\/\/lukrt.ro\/product\/milan-boy-t-shirt\/#primaryimage","url":"https:\/\/lukrt.ro\/wp-content\/uploads\/2022\/03\/0009BF.jpg","contentUrl":"https:\/\/lukrt.ro\/wp-content\/uploads\/2022\/03\/0009BF.jpg","width":1000,"height":1000,"caption":"tricou original Made in Romania"},{"@type":"BreadcrumbList","@id":"https:\/\/lukrt.ro\/product\/milan-boy-t-shirt\/#breadcrumb","itemListElement":[{"@type":"ListItem","position":1,"name":"Prima pagin\u0103","item":"https:\/\/lukrt.ro\/"},{"@type":"ListItem","position":2,"name":"Shop","item":"https:\/\/lukrt.ro\/?page_id=7966"},{"@type":"ListItem","position":3,"name":"Milan boy T-shirt"}]},{"@type":"WebSite","@id":"https:\/\/lukrt.ro\/#website","url":"https:\/\/lukrt.ro\/","name":"Lukrt Official","description":"Creativity, Imagination &amp; Colors","publisher":{"@id":"https:\/\/lukrt.ro\/#organization"},"potentialAction":[{"@type":"SearchAction","target":{"@type":"EntryPoint","urlTemplate":"https:\/\/lukrt.ro\/?s={search_term_string}"},"query-input":{"@type":"PropertyValueSpecification","valueRequired":true,"valueName":"search_term_string"}}],"inLanguage":"en-US"},{"@type":"Organization","@id":"https:\/\/lukrt.ro\/#organization","name":"Lukrt Official","url":"https:\/\/lukrt.ro\/","logo":{"@type":"ImageObject","inLanguage":"en-US","@id":"https:\/\/lukrt.ro\/#\/schema\/logo\/image\/","url":"https:\/\/lukrt.ro\/wp-content\/uploads\/2022\/02\/cropped-cropped-BT-Logo-Lukrt-1.png","contentUrl":"https:\/\/lukrt.ro\/wp-content\/uploads\/2022\/02\/cropped-cropped-BT-Logo-Lukrt-1.png","width":512,"height":512,"caption":"Lukrt Official"},"image":{"@id":"https:\/\/lukrt.ro\/#\/schema\/logo\/image\/"}}]}},"_links":{"self":[{"href":"https:\/\/lukrt.ro\/en\/wp-json\/wp\/v2\/product\/8514","targetHints":{"allow":["GET"]}}],"collection":[{"href":"https:\/\/lukrt.ro\/en\/wp-json\/wp\/v2\/product"}],"about":[{"href":"https:\/\/lukrt.ro\/en\/wp-json\/wp\/v2\/types\/product"}],"wp:featuredmedia":[{"embeddable":true,"href":"https:\/\/lukrt.ro\/en\/wp-json\/wp\/v2\/media\/8532"}],"wp:attachment":[{"href":"https:\/\/lukrt.ro\/en\/wp-json\/wp\/v2\/media?parent=8514"}],"wp:term":[{"taxonomy":"product_brand","embeddable":true,"href":"https:\/\/lukrt.ro\/en\/wp-json\/wp\/v2\/product_brand?post=8514"},{"taxonomy":"product_cat","embeddable":true,"href":"https:\/\/lukrt.ro\/en\/wp-json\/wp\/v2\/product_cat?post=8514"},{"taxonomy":"product_tag","embeddable":true,"href":"https:\/\/lukrt.ro\/en\/wp-json\/wp\/v2\/product_tag?post=8514"}],"curies":[{"name":"wp","href":"https:\/\/api.w.org\/{rel}","templated":true}]}}