{"id":8451,"date":"2022-03-01T00:50:33","date_gmt":"2022-02-28T21:50:33","guid":{"rendered":"https:\/\/lukrt.ro\/?post_type=product&#038;p=8451"},"modified":"2024-07-30T13:15:26","modified_gmt":"2024-07-30T10:15:26","slug":"dragon-doodle-t-shirt","status":"publish","type":"product","link":"https:\/\/lukrt.ro\/en\/product\/dragon-doodle-t-shirt\/","title":{"rendered":"Dragon doodle T-shirt"},"content":{"rendered":"<p>T shirt imprimat cu grafic\u0103 original\u0103 Lukrt.<\/p>\n<p>Printul de \u00eenalt\u0103 calitate este realizat prin noua tehnologie DTF Professional, fiind rezistent la sp\u0103l\u0103ri multiple.<\/p>\n<p>Culoare: Alb \/ Negru<\/p>\n<p>Zon\u0103 imprimare: Fa\u021b\u0103 \/ Spate<\/p>\n<p>Gramaj: 190 gr<\/p>\n<p>Sex: \u00cembr\u0103c\u0103minte Unisex<\/p>\n<p>Material: Bumbac 100%<\/p>\n<p>Croi: cu banda de intarire la gat si fara cusaturi laterale<\/p>\n<p>BONUS: SET STICKERE LUKRT<\/p>\n<p>&nbsp;<\/p>\n<blockquote><p>I like how this doodle turned out, it looks really clean. As you can see, there is a big doodle on top of this doodle, there are some flowers, my logo and lots and lots of other details. The cartoon hand is playing basketball while everyone is looking at it. ERIC. This is the drawing that I drew for one of my best friends, Eric.<\/p><\/blockquote>\n<p>&nbsp;<\/p>","protected":false},"excerpt":{"rendered":"<p>T shirt imprimat cu grafic\u0103 original\u0103 Lukrt. Printul de \u00eenalt\u0103 calitate este realizat prin noua tehnologie DTF Professional, fiind rezistent la sp\u0103l\u0103ri multiple. Culoare: Alb \/ Negru Zon\u0103 imprimare: Fa\u021b\u0103 \/ Spate Gramaj: 190 gr Sex: \u00cembr\u0103c\u0103minte Unisex Material: Bumbac 100% Croi: cu banda de intarire la gat si fara cusaturi laterale BONUS: SET STICKERE [&hellip;]<\/p>\n","protected":false},"featured_media":8471,"template":"","meta":[],"product_brand":[],"product_cat":[67],"product_tag":[],"class_list":{"0":"post-8451","1":"product","2":"type-product","3":"status-publish","4":"has-post-thumbnail","6":"product_cat-tshirt","8":"first","9":"instock","10":"sale","11":"shipping-taxable","12":"purchasable","13":"product-type-variable"},"yoast_head":"<!-- This site is optimized with the Yoast SEO plugin v27.1.1 - https:\/\/yoast.com\/product\/yoast-seo-wordpress\/ -->\n<title>Dragon doodle T-shirt - Lukrt Official - Tricou original Lukrt<\/title>\n<meta name=\"description\" content=\"Tricou original Lukrt. Cadou adolescenti. Tricou adolescenti copii. Tricou rezistent bumbac. Imbracaminte personalizata. Material de calitate.\" \/>\n<meta name=\"robots\" content=\"index, follow, max-snippet:-1, max-image-preview:large, max-video-preview:-1\" \/>\n<link rel=\"canonical\" href=\"https:\/\/lukrt.ro\/en\/product\/dragon-doodle-t-shirt\/\" \/>\n<meta property=\"og:locale\" content=\"en_US\" \/>\n<meta property=\"og:type\" content=\"article\" \/>\n<meta property=\"og:title\" content=\"Dragon doodle T-shirt - Lukrt Official - Tricou original Lukrt\" \/>\n<meta property=\"og:description\" content=\"Tricou original Lukrt. Cadou adolescenti. Tricou adolescenti copii. Tricou rezistent bumbac. Imbracaminte personalizata. Material de calitate.\" \/>\n<meta property=\"og:url\" content=\"https:\/\/lukrt.ro\/en\/product\/dragon-doodle-t-shirt\/\" \/>\n<meta property=\"og:site_name\" content=\"Lukrt Official\" \/>\n<meta property=\"article:modified_time\" content=\"2024-07-30T10:15:26+00:00\" \/>\n<meta property=\"og:image\" content=\"https:\/\/lukrt.ro\/wp-content\/uploads\/2022\/03\/0006WF-1.jpg\" \/>\n\t<meta property=\"og:image:width\" content=\"1000\" \/>\n\t<meta property=\"og:image:height\" content=\"1000\" \/>\n\t<meta property=\"og:image:type\" content=\"image\/jpeg\" \/>\n<meta name=\"twitter:card\" content=\"summary_large_image\" \/>\n<meta name=\"twitter:label1\" content=\"Est. reading time\" \/>\n\t<meta name=\"twitter:data1\" content=\"1 minute\" \/>\n<script type=\"application\/ld+json\" class=\"yoast-schema-graph\">{\"@context\":\"https:\/\/schema.org\",\"@graph\":[{\"@type\":\"WebPage\",\"@id\":\"https:\/\/lukrt.ro\/product\/dragon-doodle-t-shirt\/\",\"url\":\"https:\/\/lukrt.ro\/product\/dragon-doodle-t-shirt\/\",\"name\":\"Dragon doodle T-shirt - Lukrt Official - Tricou original Lukrt\",\"isPartOf\":{\"@id\":\"https:\/\/lukrt.ro\/#website\"},\"primaryImageOfPage\":{\"@id\":\"https:\/\/lukrt.ro\/product\/dragon-doodle-t-shirt\/#primaryimage\"},\"image\":{\"@id\":\"https:\/\/lukrt.ro\/product\/dragon-doodle-t-shirt\/#primaryimage\"},\"thumbnailUrl\":\"https:\/\/lukrt.ro\/wp-content\/uploads\/2022\/03\/0006WF-1.jpg\",\"datePublished\":\"2022-02-28T21:50:33+00:00\",\"dateModified\":\"2024-07-30T10:15:26+00:00\",\"description\":\"Tricou original Lukrt. Cadou adolescenti. Tricou adolescenti copii. Tricou rezistent bumbac. Imbracaminte personalizata. Material de calitate.\",\"breadcrumb\":{\"@id\":\"https:\/\/lukrt.ro\/product\/dragon-doodle-t-shirt\/#breadcrumb\"},\"inLanguage\":\"en-US\",\"potentialAction\":[{\"@type\":\"ReadAction\",\"target\":[\"https:\/\/lukrt.ro\/product\/dragon-doodle-t-shirt\/\"]}]},{\"@type\":\"ImageObject\",\"inLanguage\":\"en-US\",\"@id\":\"https:\/\/lukrt.ro\/product\/dragon-doodle-t-shirt\/#primaryimage\",\"url\":\"https:\/\/lukrt.ro\/wp-content\/uploads\/2022\/03\/0006WF-1.jpg\",\"contentUrl\":\"https:\/\/lukrt.ro\/wp-content\/uploads\/2022\/03\/0006WF-1.jpg\",\"width\":1000,\"height\":1000,\"caption\":\"tricou original Made in Romania\"},{\"@type\":\"BreadcrumbList\",\"@id\":\"https:\/\/lukrt.ro\/product\/dragon-doodle-t-shirt\/#breadcrumb\",\"itemListElement\":[{\"@type\":\"ListItem\",\"position\":1,\"name\":\"Prima pagin\u0103\",\"item\":\"https:\/\/lukrt.ro\/\"},{\"@type\":\"ListItem\",\"position\":2,\"name\":\"Shop\",\"item\":\"https:\/\/lukrt.ro\/?page_id=7966\"},{\"@type\":\"ListItem\",\"position\":3,\"name\":\"Dragon doodle T-shirt\"}]},{\"@type\":\"WebSite\",\"@id\":\"https:\/\/lukrt.ro\/#website\",\"url\":\"https:\/\/lukrt.ro\/\",\"name\":\"Lukrt Official\",\"description\":\"Creativity, Imagination &amp; Colors\",\"publisher\":{\"@id\":\"https:\/\/lukrt.ro\/#organization\"},\"potentialAction\":[{\"@type\":\"SearchAction\",\"target\":{\"@type\":\"EntryPoint\",\"urlTemplate\":\"https:\/\/lukrt.ro\/?s={search_term_string}\"},\"query-input\":{\"@type\":\"PropertyValueSpecification\",\"valueRequired\":true,\"valueName\":\"search_term_string\"}}],\"inLanguage\":\"en-US\"},{\"@type\":\"Organization\",\"@id\":\"https:\/\/lukrt.ro\/#organization\",\"name\":\"Lukrt Official\",\"url\":\"https:\/\/lukrt.ro\/\",\"logo\":{\"@type\":\"ImageObject\",\"inLanguage\":\"en-US\",\"@id\":\"https:\/\/lukrt.ro\/#\/schema\/logo\/image\/\",\"url\":\"https:\/\/lukrt.ro\/wp-content\/uploads\/2022\/02\/cropped-cropped-BT-Logo-Lukrt-1.png\",\"contentUrl\":\"https:\/\/lukrt.ro\/wp-content\/uploads\/2022\/02\/cropped-cropped-BT-Logo-Lukrt-1.png\",\"width\":512,\"height\":512,\"caption\":\"Lukrt Official\"},\"image\":{\"@id\":\"https:\/\/lukrt.ro\/#\/schema\/logo\/image\/\"}}]}<\/script>\n<!-- \/ Yoast SEO plugin. -->","yoast_head_json":{"title":"Dragon doodle T-shirt - Lukrt Official - Tricou original Lukrt","description":"Tricou original Lukrt. Cadou adolescenti. Tricou adolescenti copii. Tricou rezistent bumbac. Imbracaminte personalizata. Material de calitate.","robots":{"index":"index","follow":"follow","max-snippet":"max-snippet:-1","max-image-preview":"max-image-preview:large","max-video-preview":"max-video-preview:-1"},"canonical":"https:\/\/lukrt.ro\/en\/product\/dragon-doodle-t-shirt\/","og_locale":"en_US","og_type":"article","og_title":"Dragon doodle T-shirt - Lukrt Official - Tricou original Lukrt","og_description":"Tricou original Lukrt. Cadou adolescenti. Tricou adolescenti copii. Tricou rezistent bumbac. Imbracaminte personalizata. Material de calitate.","og_url":"https:\/\/lukrt.ro\/en\/product\/dragon-doodle-t-shirt\/","og_site_name":"Lukrt Official","article_modified_time":"2024-07-30T10:15:26+00:00","og_image":[{"width":1000,"height":1000,"url":"https:\/\/lukrt.ro\/wp-content\/uploads\/2022\/03\/0006WF-1.jpg","type":"image\/jpeg"}],"twitter_card":"summary_large_image","twitter_misc":{"Est. reading time":"1 minute"},"schema":{"@context":"https:\/\/schema.org","@graph":[{"@type":"WebPage","@id":"https:\/\/lukrt.ro\/product\/dragon-doodle-t-shirt\/","url":"https:\/\/lukrt.ro\/product\/dragon-doodle-t-shirt\/","name":"Dragon doodle T-shirt - Lukrt Official - Tricou original Lukrt","isPartOf":{"@id":"https:\/\/lukrt.ro\/#website"},"primaryImageOfPage":{"@id":"https:\/\/lukrt.ro\/product\/dragon-doodle-t-shirt\/#primaryimage"},"image":{"@id":"https:\/\/lukrt.ro\/product\/dragon-doodle-t-shirt\/#primaryimage"},"thumbnailUrl":"https:\/\/lukrt.ro\/wp-content\/uploads\/2022\/03\/0006WF-1.jpg","datePublished":"2022-02-28T21:50:33+00:00","dateModified":"2024-07-30T10:15:26+00:00","description":"Tricou original Lukrt. Cadou adolescenti. Tricou adolescenti copii. Tricou rezistent bumbac. Imbracaminte personalizata. Material de calitate.","breadcrumb":{"@id":"https:\/\/lukrt.ro\/product\/dragon-doodle-t-shirt\/#breadcrumb"},"inLanguage":"en-US","potentialAction":[{"@type":"ReadAction","target":["https:\/\/lukrt.ro\/product\/dragon-doodle-t-shirt\/"]}]},{"@type":"ImageObject","inLanguage":"en-US","@id":"https:\/\/lukrt.ro\/product\/dragon-doodle-t-shirt\/#primaryimage","url":"https:\/\/lukrt.ro\/wp-content\/uploads\/2022\/03\/0006WF-1.jpg","contentUrl":"https:\/\/lukrt.ro\/wp-content\/uploads\/2022\/03\/0006WF-1.jpg","width":1000,"height":1000,"caption":"tricou original Made in Romania"},{"@type":"BreadcrumbList","@id":"https:\/\/lukrt.ro\/product\/dragon-doodle-t-shirt\/#breadcrumb","itemListElement":[{"@type":"ListItem","position":1,"name":"Prima pagin\u0103","item":"https:\/\/lukrt.ro\/"},{"@type":"ListItem","position":2,"name":"Shop","item":"https:\/\/lukrt.ro\/?page_id=7966"},{"@type":"ListItem","position":3,"name":"Dragon doodle T-shirt"}]},{"@type":"WebSite","@id":"https:\/\/lukrt.ro\/#website","url":"https:\/\/lukrt.ro\/","name":"Lukrt Official","description":"Creativity, Imagination &amp; Colors","publisher":{"@id":"https:\/\/lukrt.ro\/#organization"},"potentialAction":[{"@type":"SearchAction","target":{"@type":"EntryPoint","urlTemplate":"https:\/\/lukrt.ro\/?s={search_term_string}"},"query-input":{"@type":"PropertyValueSpecification","valueRequired":true,"valueName":"search_term_string"}}],"inLanguage":"en-US"},{"@type":"Organization","@id":"https:\/\/lukrt.ro\/#organization","name":"Lukrt Official","url":"https:\/\/lukrt.ro\/","logo":{"@type":"ImageObject","inLanguage":"en-US","@id":"https:\/\/lukrt.ro\/#\/schema\/logo\/image\/","url":"https:\/\/lukrt.ro\/wp-content\/uploads\/2022\/02\/cropped-cropped-BT-Logo-Lukrt-1.png","contentUrl":"https:\/\/lukrt.ro\/wp-content\/uploads\/2022\/02\/cropped-cropped-BT-Logo-Lukrt-1.png","width":512,"height":512,"caption":"Lukrt Official"},"image":{"@id":"https:\/\/lukrt.ro\/#\/schema\/logo\/image\/"}}]}},"_links":{"self":[{"href":"https:\/\/lukrt.ro\/en\/wp-json\/wp\/v2\/product\/8451","targetHints":{"allow":["GET"]}}],"collection":[{"href":"https:\/\/lukrt.ro\/en\/wp-json\/wp\/v2\/product"}],"about":[{"href":"https:\/\/lukrt.ro\/en\/wp-json\/wp\/v2\/types\/product"}],"wp:featuredmedia":[{"embeddable":true,"href":"https:\/\/lukrt.ro\/en\/wp-json\/wp\/v2\/media\/8471"}],"wp:attachment":[{"href":"https:\/\/lukrt.ro\/en\/wp-json\/wp\/v2\/media?parent=8451"}],"wp:term":[{"taxonomy":"product_brand","embeddable":true,"href":"https:\/\/lukrt.ro\/en\/wp-json\/wp\/v2\/product_brand?post=8451"},{"taxonomy":"product_cat","embeddable":true,"href":"https:\/\/lukrt.ro\/en\/wp-json\/wp\/v2\/product_cat?post=8451"},{"taxonomy":"product_tag","embeddable":true,"href":"https:\/\/lukrt.ro\/en\/wp-json\/wp\/v2\/product_tag?post=8451"}],"curies":[{"name":"wp","href":"https:\/\/api.w.org\/{rel}","templated":true}]}}