{"id":11719,"date":"2026-03-08T21:25:17","date_gmt":"2026-03-08T18:25:17","guid":{"rendered":"https:\/\/lukrt.ro\/?post_type=product&#038;p=11719"},"modified":"2026-03-09T20:36:21","modified_gmt":"2026-03-09T17:36:21","slug":"tricou-granded-shaorma","status":"publish","type":"product","link":"https:\/\/lukrt.ro\/en\/product\/tricou-granded-shaorma\/","title":{"rendered":"Tricou Granded Shaorma"},"content":{"rendered":"<p>&nbsp;<\/p>\n<p>T shirt imprimat cu grafic\u0103 original\u0103 Lukrt.<\/p>\n<p>Printul de \u00eenalt\u0103 calitate este realizat prin noua tehnologie DTF Professional, fiind rezistent la sp\u0103l\u0103ri multiple.<\/p>\n<p>Culoare:\u00a0 Negru<\/p>\n<p>Zon\u0103 imprimare: Fa\u021b\u0103 \/ Spate<\/p>\n<p>Gramaj: 190 gr<\/p>\n<p>Sex: \u00cembr\u0103c\u0103minte Unisex<\/p>\n<p>Material: Bumbac 100%<\/p>\n<p>Croi: cu banda de intarire la gat si fara cusaturi laterale<\/p>\n<p>BONUS: SET STICKERE LUKRT<\/p>","protected":false},"excerpt":{"rendered":"<p>&nbsp; T shirt imprimat cu grafic\u0103 original\u0103 Lukrt. Printul de \u00eenalt\u0103 calitate este realizat prin noua tehnologie DTF Professional, fiind rezistent la sp\u0103l\u0103ri multiple. Culoare:\u00a0 Negru Zon\u0103 imprimare: Fa\u021b\u0103 \/ Spate Gramaj: 190 gr Sex: \u00cembr\u0103c\u0103minte Unisex Material: Bumbac 100% Croi: cu banda de intarire la gat si fara cusaturi laterale BONUS: SET STICKERE LUKRT<\/p>","protected":false},"featured_media":11718,"template":"","meta":[],"product_brand":[],"product_cat":[118],"product_tag":[121],"class_list":{"0":"post-11719","1":"product","2":"type-product","3":"status-publish","4":"has-post-thumbnail","6":"product_cat-tricou-granded","7":"product_tag-granded","9":"first","10":"instock","11":"shipping-taxable","12":"purchasable","13":"product-type-variable"},"yoast_head":"<!-- This site is optimized with the Yoast SEO plugin v27.1.1 - https:\/\/yoast.com\/product\/yoast-seo-wordpress\/ -->\n<title>Tricou Granded Shaorma - Lukrt Official<\/title>\n<meta name=\"robots\" content=\"index, follow, max-snippet:-1, max-image-preview:large, max-video-preview:-1\" \/>\n<link rel=\"canonical\" href=\"https:\/\/lukrt.ro\/en\/product\/tricou-granded-shaorma\/\" \/>\n<meta property=\"og:locale\" content=\"en_US\" \/>\n<meta property=\"og:type\" content=\"article\" \/>\n<meta property=\"og:title\" content=\"Tricou Granded Shaorma - Lukrt Official\" \/>\n<meta property=\"og:description\" content=\"&nbsp; T shirt imprimat cu grafic\u0103 original\u0103 Lukrt. Printul de \u00eenalt\u0103 calitate este realizat prin noua tehnologie DTF Professional, fiind rezistent la sp\u0103l\u0103ri multiple. Culoare:\u00a0 Negru Zon\u0103 imprimare: Fa\u021b\u0103 \/ Spate Gramaj: 190 gr Sex: \u00cembr\u0103c\u0103minte Unisex Material: Bumbac 100% Croi: cu banda de intarire la gat si fara cusaturi laterale BONUS: SET STICKERE LUKRT\" \/>\n<meta property=\"og:url\" content=\"https:\/\/lukrt.ro\/en\/product\/tricou-granded-shaorma\/\" \/>\n<meta property=\"og:site_name\" content=\"Lukrt Official\" \/>\n<meta property=\"article:modified_time\" content=\"2026-03-09T17:36:21+00:00\" \/>\n<meta property=\"og:image\" content=\"https:\/\/lukrt.ro\/wp-content\/uploads\/2026\/03\/Granded-t-shirt.jpg\" \/>\n\t<meta property=\"og:image:width\" content=\"1080\" \/>\n\t<meta property=\"og:image:height\" content=\"1080\" \/>\n\t<meta property=\"og:image:type\" content=\"image\/jpeg\" \/>\n<meta name=\"twitter:card\" content=\"summary_large_image\" \/>\n<meta name=\"twitter:label1\" content=\"Est. reading time\" \/>\n\t<meta name=\"twitter:data1\" content=\"1 minute\" \/>\n<script type=\"application\/ld+json\" class=\"yoast-schema-graph\">{\"@context\":\"https:\/\/schema.org\",\"@graph\":[{\"@type\":\"WebPage\",\"@id\":\"https:\/\/lukrt.ro\/product\/tricou-granded-shaorma\/\",\"url\":\"https:\/\/lukrt.ro\/product\/tricou-granded-shaorma\/\",\"name\":\"Tricou Granded Shaorma - Lukrt Official\",\"isPartOf\":{\"@id\":\"https:\/\/lukrt.ro\/#website\"},\"primaryImageOfPage\":{\"@id\":\"https:\/\/lukrt.ro\/product\/tricou-granded-shaorma\/#primaryimage\"},\"image\":{\"@id\":\"https:\/\/lukrt.ro\/product\/tricou-granded-shaorma\/#primaryimage\"},\"thumbnailUrl\":\"https:\/\/lukrt.ro\/wp-content\/uploads\/2026\/03\/Granded-t-shirt.jpg\",\"datePublished\":\"2026-03-08T18:25:17+00:00\",\"dateModified\":\"2026-03-09T17:36:21+00:00\",\"breadcrumb\":{\"@id\":\"https:\/\/lukrt.ro\/product\/tricou-granded-shaorma\/#breadcrumb\"},\"inLanguage\":\"en-US\",\"potentialAction\":[{\"@type\":\"ReadAction\",\"target\":[\"https:\/\/lukrt.ro\/product\/tricou-granded-shaorma\/\"]}]},{\"@type\":\"ImageObject\",\"inLanguage\":\"en-US\",\"@id\":\"https:\/\/lukrt.ro\/product\/tricou-granded-shaorma\/#primaryimage\",\"url\":\"https:\/\/lukrt.ro\/wp-content\/uploads\/2026\/03\/Granded-t-shirt.jpg\",\"contentUrl\":\"https:\/\/lukrt.ro\/wp-content\/uploads\/2026\/03\/Granded-t-shirt.jpg\",\"width\":1080,\"height\":1080},{\"@type\":\"BreadcrumbList\",\"@id\":\"https:\/\/lukrt.ro\/product\/tricou-granded-shaorma\/#breadcrumb\",\"itemListElement\":[{\"@type\":\"ListItem\",\"position\":1,\"name\":\"Prima pagin\u0103\",\"item\":\"https:\/\/lukrt.ro\/\"},{\"@type\":\"ListItem\",\"position\":2,\"name\":\"Produse\",\"item\":\"https:\/\/lukrt.ro\/shop\/\"},{\"@type\":\"ListItem\",\"position\":3,\"name\":\"Tricou Granded Shaorma\"}]},{\"@type\":\"WebSite\",\"@id\":\"https:\/\/lukrt.ro\/#website\",\"url\":\"https:\/\/lukrt.ro\/\",\"name\":\"Lukrt Official\",\"description\":\"Creativity, Imagination &amp; Colors\",\"publisher\":{\"@id\":\"https:\/\/lukrt.ro\/#organization\"},\"potentialAction\":[{\"@type\":\"SearchAction\",\"target\":{\"@type\":\"EntryPoint\",\"urlTemplate\":\"https:\/\/lukrt.ro\/?s={search_term_string}\"},\"query-input\":{\"@type\":\"PropertyValueSpecification\",\"valueRequired\":true,\"valueName\":\"search_term_string\"}}],\"inLanguage\":\"en-US\"},{\"@type\":\"Organization\",\"@id\":\"https:\/\/lukrt.ro\/#organization\",\"name\":\"Lukrt Official\",\"url\":\"https:\/\/lukrt.ro\/\",\"logo\":{\"@type\":\"ImageObject\",\"inLanguage\":\"en-US\",\"@id\":\"https:\/\/lukrt.ro\/#\/schema\/logo\/image\/\",\"url\":\"https:\/\/lukrt.ro\/wp-content\/uploads\/2022\/02\/cropped-cropped-BT-Logo-Lukrt-1.png\",\"contentUrl\":\"https:\/\/lukrt.ro\/wp-content\/uploads\/2022\/02\/cropped-cropped-BT-Logo-Lukrt-1.png\",\"width\":512,\"height\":512,\"caption\":\"Lukrt Official\"},\"image\":{\"@id\":\"https:\/\/lukrt.ro\/#\/schema\/logo\/image\/\"}}]}<\/script>\n<!-- \/ Yoast SEO plugin. -->","yoast_head_json":{"title":"Tricou Granded Shaorma - Lukrt Official","robots":{"index":"index","follow":"follow","max-snippet":"max-snippet:-1","max-image-preview":"max-image-preview:large","max-video-preview":"max-video-preview:-1"},"canonical":"https:\/\/lukrt.ro\/en\/product\/tricou-granded-shaorma\/","og_locale":"en_US","og_type":"article","og_title":"Tricou Granded Shaorma - Lukrt Official","og_description":"&nbsp; T shirt imprimat cu grafic\u0103 original\u0103 Lukrt. Printul de \u00eenalt\u0103 calitate este realizat prin noua tehnologie DTF Professional, fiind rezistent la sp\u0103l\u0103ri multiple. Culoare:\u00a0 Negru Zon\u0103 imprimare: Fa\u021b\u0103 \/ Spate Gramaj: 190 gr Sex: \u00cembr\u0103c\u0103minte Unisex Material: Bumbac 100% Croi: cu banda de intarire la gat si fara cusaturi laterale BONUS: SET STICKERE LUKRT","og_url":"https:\/\/lukrt.ro\/en\/product\/tricou-granded-shaorma\/","og_site_name":"Lukrt Official","article_modified_time":"2026-03-09T17:36:21+00:00","og_image":[{"width":1080,"height":1080,"url":"https:\/\/lukrt.ro\/wp-content\/uploads\/2026\/03\/Granded-t-shirt.jpg","type":"image\/jpeg"}],"twitter_card":"summary_large_image","twitter_misc":{"Est. reading time":"1 minute"},"schema":{"@context":"https:\/\/schema.org","@graph":[{"@type":"WebPage","@id":"https:\/\/lukrt.ro\/product\/tricou-granded-shaorma\/","url":"https:\/\/lukrt.ro\/product\/tricou-granded-shaorma\/","name":"Tricou Granded Shaorma - Lukrt Official","isPartOf":{"@id":"https:\/\/lukrt.ro\/#website"},"primaryImageOfPage":{"@id":"https:\/\/lukrt.ro\/product\/tricou-granded-shaorma\/#primaryimage"},"image":{"@id":"https:\/\/lukrt.ro\/product\/tricou-granded-shaorma\/#primaryimage"},"thumbnailUrl":"https:\/\/lukrt.ro\/wp-content\/uploads\/2026\/03\/Granded-t-shirt.jpg","datePublished":"2026-03-08T18:25:17+00:00","dateModified":"2026-03-09T17:36:21+00:00","breadcrumb":{"@id":"https:\/\/lukrt.ro\/product\/tricou-granded-shaorma\/#breadcrumb"},"inLanguage":"en-US","potentialAction":[{"@type":"ReadAction","target":["https:\/\/lukrt.ro\/product\/tricou-granded-shaorma\/"]}]},{"@type":"ImageObject","inLanguage":"en-US","@id":"https:\/\/lukrt.ro\/product\/tricou-granded-shaorma\/#primaryimage","url":"https:\/\/lukrt.ro\/wp-content\/uploads\/2026\/03\/Granded-t-shirt.jpg","contentUrl":"https:\/\/lukrt.ro\/wp-content\/uploads\/2026\/03\/Granded-t-shirt.jpg","width":1080,"height":1080},{"@type":"BreadcrumbList","@id":"https:\/\/lukrt.ro\/product\/tricou-granded-shaorma\/#breadcrumb","itemListElement":[{"@type":"ListItem","position":1,"name":"Prima pagin\u0103","item":"https:\/\/lukrt.ro\/"},{"@type":"ListItem","position":2,"name":"Produse","item":"https:\/\/lukrt.ro\/shop\/"},{"@type":"ListItem","position":3,"name":"Tricou Granded Shaorma"}]},{"@type":"WebSite","@id":"https:\/\/lukrt.ro\/#website","url":"https:\/\/lukrt.ro\/","name":"Lukrt Official","description":"Creativity, Imagination &amp; Colors","publisher":{"@id":"https:\/\/lukrt.ro\/#organization"},"potentialAction":[{"@type":"SearchAction","target":{"@type":"EntryPoint","urlTemplate":"https:\/\/lukrt.ro\/?s={search_term_string}"},"query-input":{"@type":"PropertyValueSpecification","valueRequired":true,"valueName":"search_term_string"}}],"inLanguage":"en-US"},{"@type":"Organization","@id":"https:\/\/lukrt.ro\/#organization","name":"Lukrt Official","url":"https:\/\/lukrt.ro\/","logo":{"@type":"ImageObject","inLanguage":"en-US","@id":"https:\/\/lukrt.ro\/#\/schema\/logo\/image\/","url":"https:\/\/lukrt.ro\/wp-content\/uploads\/2022\/02\/cropped-cropped-BT-Logo-Lukrt-1.png","contentUrl":"https:\/\/lukrt.ro\/wp-content\/uploads\/2022\/02\/cropped-cropped-BT-Logo-Lukrt-1.png","width":512,"height":512,"caption":"Lukrt Official"},"image":{"@id":"https:\/\/lukrt.ro\/#\/schema\/logo\/image\/"}}]}},"_links":{"self":[{"href":"https:\/\/lukrt.ro\/en\/wp-json\/wp\/v2\/product\/11719","targetHints":{"allow":["GET"]}}],"collection":[{"href":"https:\/\/lukrt.ro\/en\/wp-json\/wp\/v2\/product"}],"about":[{"href":"https:\/\/lukrt.ro\/en\/wp-json\/wp\/v2\/types\/product"}],"wp:featuredmedia":[{"embeddable":true,"href":"https:\/\/lukrt.ro\/en\/wp-json\/wp\/v2\/media\/11718"}],"wp:attachment":[{"href":"https:\/\/lukrt.ro\/en\/wp-json\/wp\/v2\/media?parent=11719"}],"wp:term":[{"taxonomy":"product_brand","embeddable":true,"href":"https:\/\/lukrt.ro\/en\/wp-json\/wp\/v2\/product_brand?post=11719"},{"taxonomy":"product_cat","embeddable":true,"href":"https:\/\/lukrt.ro\/en\/wp-json\/wp\/v2\/product_cat?post=11719"},{"taxonomy":"product_tag","embeddable":true,"href":"https:\/\/lukrt.ro\/en\/wp-json\/wp\/v2\/product_tag?post=11719"}],"curies":[{"name":"wp","href":"https:\/\/api.w.org\/{rel}","templated":true}]}}